{"id":1128,"date":"2021-10-18T10:56:30","date_gmt":"2021-10-18T10:56:30","guid":{"rendered":"https:\/\/crobuzz.mingor.hr\/digitalna-pristupacnost\/"},"modified":"2021-10-25T11:05:19","modified_gmt":"2021-10-25T11:05:19","slug":"digitalna-pristupacnost","status":"publish","type":"page","link":"https:\/\/crobuzz.mingor.hr\/en\/digitalna-pristupacnost\/","title":{"rendered":"Digital accessibility"},"content":{"rendered":"<p>[et_pb_section fb_built=&#8221;1&#8243; _builder_version=&#8221;4.11.2&#8243; _module_preset=&#8221;default&#8221; background_enable_color=&#8221;off&#8221; use_background_color_gradient=&#8221;on&#8221; background_color_gradient_start=&#8221;rgba(255,255,255,0)&#8221; background_color_gradient_end=&#8221;#ffffff&#8221; background_color_gradient_overlays_image=&#8221;on&#8221; background_image=&#8221;https:\/\/crobuzz.mingor.hr\/wp-content\/uploads\/2021\/10\/O-projektu.jpg&#8221; background_position=&#8221;top_center&#8221; custom_padding=&#8221;7vw||5vw||false|false&#8221; border_radii=&#8221;off||||&#8221; border_radii_tablet=&#8221;&#8221; border_radii_phone=&#8221;&#8221; border_radii_last_edited=&#8221;on|desktop&#8221; global_colors_info=&#8221;{}&#8221;][et_pb_row admin_label=&#8221;Header Row&#8221; _builder_version=&#8221;4.11.2&#8243; global_colors_info=&#8221;{}&#8221;][et_pb_column type=&#8221;4_4&#8243; _builder_version=&#8221;3.25&#8243; custom_padding=&#8221;|||&#8221; global_colors_info=&#8221;{}&#8221; custom_padding__hover=&#8221;|||&#8221;][et_pb_text _builder_version=&#8221;4.11.3&#8243; text_font=&#8221;Nunito||||||||&#8221; text_text_color=&#8221;#1C1C1C&#8221; header_font=&#8221;|700|||||||&#8221; header_text_align=&#8221;center&#8221; header_font_size=&#8221;50px&#8221; header_letter_spacing=&#8221;2px&#8221; header_line_height=&#8221;1.5em&#8221; header_3_font_size=&#8221;25px&#8221; max_width=&#8221;700px&#8221; module_alignment=&#8221;center&#8221; custom_margin=&#8221;|||1300px||&#8221; header_3_font_size_tablet=&#8221;&#8221; header_3_font_size_phone=&#8221;30px&#8221; header_3_font_size_last_edited=&#8221;on|phone&#8221; global_colors_info=&#8221;{}&#8221;]<\/p>\n<h1 style=\"text-align: center;\">Digital accessibility<\/h1>\n<p>[\/et_pb_text][\/et_pb_column][\/et_pb_row][\/et_pb_section][et_pb_section fb_built=&#8221;1&#8243; admin_label=&#8221;Intro Section&#8221; _builder_version=&#8221;3.22&#8243; custom_padding=&#8221;60px|0px|60px|0px&#8221; global_colors_info=&#8221;{}&#8221;][et_pb_row admin_label=&#8221;Intro Row&#8221; module_id=&#8221;pozadina&#8221; module_class=&#8221;custom_row&#8221; _builder_version=&#8221;4.11.2&#8243; global_colors_info=&#8221;{}&#8221;][et_pb_column type=&#8221;4_4&#8243; module_class=&#8221;second-on-mobile&#8221; _builder_version=&#8221;4.11.1&#8243; custom_padding=&#8221;|||&#8221; global_colors_info=&#8221;{}&#8221; custom_padding__hover=&#8221;|||&#8221;][et_pb_text admin_label=&#8221;Tittle &#038; Paragraph&#8221; _builder_version=&#8221;4.11.3&#8243; text_font=&#8221;Nunito||||||||&#8221; link_font=&#8221;||||on||||&#8221; link_text_align=&#8221;left&#8221; link_text_color=&#8221;#383838&#8243; ol_text_align=&#8221;left&#8221; header_font=&#8221;|600|||||||&#8221; header_text_align=&#8221;left&#8221; header_font_size=&#8221;45px&#8221; header_2_text_align=&#8221;left&#8221; header_2_font_size=&#8221;37px&#8221; header_2_letter_spacing=&#8221;1px&#8221; header_3_text_color=&#8221;#383838&#8243; header_3_font_size=&#8221;25px&#8221; header_4_font_size=&#8221;26px&#8221; header_5_font_size=&#8221;23px&#8221; header_6_font_size=&#8221;19px&#8221; module_alignment=&#8221;center&#8221; custom_margin=&#8221;40px|||&#8221; custom_margin_tablet=&#8221;0px|||&#8221; custom_margin_phone=&#8221;|||&#8221; custom_margin_last_edited=&#8221;on|phone&#8221; custom_padding=&#8221;||0px|||&#8221; hover_enabled=&#8221;0&#8243; header_font_size_tablet=&#8221;&#8221; header_font_size_phone=&#8221;38px&#8221; header_font_size_last_edited=&#8221;on|phone&#8221; header_2_font_size_tablet=&#8221;&#8221; header_2_font_size_phone=&#8221;33px&#8221; header_2_font_size_last_edited=&#8221;on|desktop&#8221; header_3_font_size_tablet=&#8221;&#8221; header_3_font_size_phone=&#8221;30px&#8221; header_3_font_size_last_edited=&#8221;on|phone&#8221; header_4_font_size_tablet=&#8221;&#8221; header_4_font_size_phone=&#8221;&#8221; header_4_font_size_last_edited=&#8221;on|desktop&#8221; header_5_font_size_tablet=&#8221;&#8221; header_5_font_size_phone=&#8221;22px&#8221; header_5_font_size_last_edited=&#8221;on|phone&#8221; header_6_font_size_tablet=&#8221;&#8221; header_6_font_size_phone=&#8221;18px&#8221; header_6_font_size_last_edited=&#8221;on|desktop&#8221; text_orientation_tablet=&#8221;&#8221; text_orientation_phone=&#8221;left&#8221; text_orientation_last_edited=&#8221;on|phone&#8221; global_colors_info=&#8221;{}&#8221; sticky_enabled=&#8221;0&#8243;]<\/p>\n<h2><strong>IZJAVA O PRISTUPA\u010cNOSTI<\/strong><\/h2>\n<p class=\"p1\">Kao tijelo javnog sektora, provoditelj projekta Cro Buzz Klima nastoji svoju mre\u017enu stranicu u\u010diniti pristupa\u010dnom u skladu sa <a href=\"https:\/\/sredisnjikatalogrh.gov.hr\/cadial\/searchdoc.php?action=search&amp;lang=hr&amp;query=pristupa%25C4%258Dnost&amp;searchText=on&amp;searchTitle=on&amp;resultdetails=basic&amp;bid=%252bELrvTWXEzq35H83vcz6kg%253d%253d&amp;annotate=on\"><span class=\"s1\">Zakonom o pristupa\u010dnosti mre\u017enih stranica i programskih rje\u0161enja za pokretne ure\u0111aje tijela javnog sektora Republike Hrvatske<\/span><\/a> (\u201eNarodne novine\u201c, broj 17\/19; dalje u tekstu: Zakon) kojim se prenosi <a href=\"https:\/\/eur-lex.europa.eu\/legal-content\/HR\/TXT\/?uri=OJ%253AL%253A2016%253A327%253ATOC\"><span class=\"s1\">Direktiva (EU) 2016\/2102 Europskog parlamenta i Vije\u0107a od 26. listopada 2016. o pristupa\u010dnosti internetskih stranica i mobilnih aplikacija tijela javnog sektora<\/span><\/a> (SL L 327, 2.12.2016.).<\/p>\n<p class=\"p1\">Ova Izjava o pristupa\u010dnosti primjenjuje se na mre\u017eno sjedi\u0161te Cro Buzz Klima, koje se nalazi na adresi crobuzz.mingor.hr.<\/p>\n<p>[\/et_pb_text][\/et_pb_column][\/et_pb_row][et_pb_row admin_label=&#8221;Intro Row&#8221; module_id=&#8221;ciljevi&#8221; module_class=&#8221;custom_row&#8221; _builder_version=&#8221;4.11.2&#8243; global_colors_info=&#8221;{}&#8221;][et_pb_column type=&#8221;4_4&#8243; module_class=&#8221;second-on-mobile&#8221; _builder_version=&#8221;4.11.1&#8243; custom_padding=&#8221;|||&#8221; global_colors_info=&#8221;{}&#8221; custom_padding__hover=&#8221;|||&#8221;][et_pb_text admin_label=&#8221;Tittle &#038; Paragraph&#8221; _builder_version=&#8221;4.11.3&#8243; text_font=&#8221;Nunito||||||||&#8221; link_font=&#8221;||||on||||&#8221; link_text_align=&#8221;left&#8221; link_text_color=&#8221;#383838&#8243; ol_text_align=&#8221;left&#8221; header_font=&#8221;|600|||||||&#8221; header_text_align=&#8221;left&#8221; header_font_size=&#8221;45px&#8221; header_2_text_align=&#8221;left&#8221; header_2_font_size=&#8221;37px&#8221; header_2_letter_spacing=&#8221;1px&#8221; header_3_text_color=&#8221;#383838&#8243; header_3_font_size=&#8221;25px&#8221; header_4_font_size=&#8221;26px&#8221; header_5_font_size=&#8221;23px&#8221; header_6_font_size=&#8221;19px&#8221; module_alignment=&#8221;center&#8221; custom_margin=&#8221;40px|||&#8221; custom_margin_tablet=&#8221;0px|||&#8221; custom_margin_phone=&#8221;|||&#8221; custom_margin_last_edited=&#8221;on|phone&#8221; hover_enabled=&#8221;0&#8243; header_font_size_tablet=&#8221;&#8221; header_font_size_phone=&#8221;38px&#8221; header_font_size_last_edited=&#8221;on|phone&#8221; header_2_font_size_tablet=&#8221;&#8221; header_2_font_size_phone=&#8221;33px&#8221; header_2_font_size_last_edited=&#8221;on|desktop&#8221; header_3_font_size_tablet=&#8221;&#8221; header_3_font_size_phone=&#8221;30px&#8221; header_3_font_size_last_edited=&#8221;on|phone&#8221; header_4_font_size_tablet=&#8221;&#8221; header_4_font_size_phone=&#8221;&#8221; header_4_font_size_last_edited=&#8221;on|desktop&#8221; header_5_font_size_tablet=&#8221;&#8221; header_5_font_size_phone=&#8221;22px&#8221; header_5_font_size_last_edited=&#8221;on|phone&#8221; header_6_font_size_tablet=&#8221;&#8221; header_6_font_size_phone=&#8221;18px&#8221; header_6_font_size_last_edited=&#8221;on|desktop&#8221; text_orientation_tablet=&#8221;&#8221; text_orientation_phone=&#8221;left&#8221; text_orientation_last_edited=&#8221;on|phone&#8221; global_colors_info=&#8221;{}&#8221; sticky_enabled=&#8221;0&#8243;]<\/p>\n<h2 class=\"p1\"><strong>Priprema ove Izjave o pristupa\u010dnosti<\/strong><\/h2>\n<p class=\"p1\">Ova izjava sastavljena je 15. listopada 2021. godine, prema Predlo\u0161ku izjave o pristupa\u010dnosti koji je u skladu s Direktivom (EU) 2016\/2102 Europskog parlamenta i Vije\u0107a o pristupa\u010dnosti internetskih stranica i mobilnih aplikacija tijela javnog sektora, a utvr\u0111en je Provedbenom odlukom Komisije (EU) 2018\/1523.<br \/>Procjena uskla\u0111enosti sa zahtjevima pristupa\u010dnosti rezultat je samoprocjene Cro Buzz Klima.<\/p>\n<p class=\"p2\">Cro Buzz Klima \u0107e redovito revidirati ovu izjavu po otklanjanju razloga zbog kojih su pojedini sadr\u017eaji bili nepristupa\u010dni.<\/p>\n<p class=\"p2\">Samoprocjena je izvr\u0161ena na temelju sljede\u0107ih elemenata pristupa\u010dnosti (prema: MSU):<\/p>\n<p>[\/et_pb_text][et_pb_text admin_label=&#8221;Tittle &#038; Paragraph&#8221; _builder_version=&#8221;4.11.3&#8243; text_font=&#8221;Nunito||||||||&#8221; link_font=&#8221;||||on||||&#8221; link_text_align=&#8221;left&#8221; link_text_color=&#8221;#383838&#8243; ol_text_align=&#8221;left&#8221; header_font=&#8221;|600|||||||&#8221; header_text_align=&#8221;left&#8221; header_font_size=&#8221;45px&#8221; header_2_text_align=&#8221;left&#8221; header_2_font_size=&#8221;37px&#8221; header_2_letter_spacing=&#8221;1px&#8221; header_3_text_color=&#8221;#383838&#8243; header_3_font_size=&#8221;25px&#8221; header_4_font_size=&#8221;26px&#8221; header_5_font_size=&#8221;23px&#8221; header_6_font_size=&#8221;19px&#8221; module_alignment=&#8221;center&#8221; custom_margin=&#8221;40px|||&#8221; custom_margin_tablet=&#8221;0px|||&#8221; custom_margin_phone=&#8221;|||&#8221; custom_margin_last_edited=&#8221;on|phone&#8221; hover_enabled=&#8221;0&#8243; header_font_size_tablet=&#8221;&#8221; header_font_size_phone=&#8221;38px&#8221; header_font_size_last_edited=&#8221;on|phone&#8221; header_2_font_size_tablet=&#8221;&#8221; header_2_font_size_phone=&#8221;33px&#8221; header_2_font_size_last_edited=&#8221;on|desktop&#8221; header_3_font_size_tablet=&#8221;&#8221; header_3_font_size_phone=&#8221;30px&#8221; header_3_font_size_last_edited=&#8221;on|phone&#8221; header_4_font_size_tablet=&#8221;&#8221; header_4_font_size_phone=&#8221;&#8221; header_4_font_size_last_edited=&#8221;on|desktop&#8221; header_5_font_size_tablet=&#8221;&#8221; header_5_font_size_phone=&#8221;22px&#8221; header_5_font_size_last_edited=&#8221;on|phone&#8221; header_6_font_size_tablet=&#8221;&#8221; header_6_font_size_phone=&#8221;18px&#8221; header_6_font_size_last_edited=&#8221;on|desktop&#8221; text_orientation_tablet=&#8221;&#8221; text_orientation_phone=&#8221;left&#8221; text_orientation_last_edited=&#8221;on|phone&#8221; global_colors_info=&#8221;{}&#8221; sticky_enabled=&#8221;0&#8243;]<\/p>\n<h2><strong>Elementi pristupa\u010dnosti:<\/strong><\/h2>\n<ul>\n<li>koriste li se za tekst jednostavni, \u010ditljivi fontovi bez serif obilje\u017eja: <strong>DA<\/strong><\/li>\n<li>je li sav tekst poravnan po lijevoj margini: <strong>DA<\/strong><\/li>\n<li>je li mogu\u0107a promjena veli\u010dine slova bez gubitka okolnog teksta (sadr\u017eaja): <strong>DA<\/strong><\/li>\n<li>postoji li opcija uklju\u010divanja fonta za osobe s disleksijom: <strong>DA<\/strong><\/li>\n<li>je li dobar kontrast teksta, tekstualnih okvira i slika u odnosu na pozadinu stranica: <strong>DA<\/strong><\/li>\n<li>postoji li opcija promjene kontrasta na stranici: <strong>DA<\/strong><\/li>\n<li>jesu li jasno ozna\u010deni bljeskaju\u0107i elementi stranice: <strong>NIJE PRIMIJENJIVO<\/strong><\/li>\n<li>sadr\u017ee li slike, grafovi i dijagrami &lt;alt&gt; atribute: <strong>NE<\/strong><\/li>\n<li>sadr\u017ee li slike, grafovi i dijagrami kratki tekstualni opis: <strong>NE<\/strong><\/li>\n<li>ima li opis funkcija slike prednost pred opisom njenog sadr\u017eaja: <strong>NIJE PRIMIJENJIVO<\/strong><\/li>\n<li>odabiru li se izbornici klikom na poveznicu umjesto prelaskom preko nje: <strong>DA<\/strong><\/li>\n<li>jesu li poveznice u tekstu na stranici podcrtane ili ozna\u010dene na drugi jasan na\u010din: <strong>DA, OZNA\u010cENE SU BOJOM<\/strong><\/li>\n<li>jesu li poveznice deskriptivne i pru\u017eaju li informaciju o sadr\u017eaju na koji vode: <strong>DA<\/strong><\/li>\n<li>imaju li video zapisi podnaslove na hrvatskom jeziku: <strong>NIJE PRIMIJENJIVO<\/strong><\/li>\n<li>jesu li na snimljenim audio i video materijalima zvukovi jasni i razumljivi: <strong>NIJE PRIMIJENJIVO<\/strong><\/li>\n<li>je li veli\u010dina ikona zadovoljavaju\u0107a: <strong>DA<\/strong><\/li>\n<li>je li mogu\u0107e kretanje kroz sadr\u017eaj stranice i njegovo kori\u0161tenje samo putem tipkovnice: <strong>DA<\/strong><\/li>\n<li>jesu li datoteke (.pdf, .xls, .doc i sli\u010dno) dostupne u formatu u kojem ih mo\u017ee pro\u010ditati \u010dita\u010d ekrana: <strong>NIJE PRIMIJENJIVO<\/strong><\/li>\n<\/ul>\n<p>[\/et_pb_text][et_pb_text admin_label=&#8221;Tittle &#038; Paragraph&#8221; _builder_version=&#8221;4.11.3&#8243; text_font=&#8221;Nunito||||||||&#8221; link_font=&#8221;||||on||||&#8221; link_text_align=&#8221;left&#8221; link_text_color=&#8221;#383838&#8243; ol_text_align=&#8221;left&#8221; header_font=&#8221;|600|||||||&#8221; header_text_align=&#8221;left&#8221; header_font_size=&#8221;45px&#8221; header_2_text_align=&#8221;left&#8221; header_2_font_size=&#8221;37px&#8221; header_2_letter_spacing=&#8221;1px&#8221; header_3_text_color=&#8221;#383838&#8243; header_3_font_size=&#8221;25px&#8221; header_4_font_size=&#8221;26px&#8221; header_5_font_size=&#8221;23px&#8221; header_6_font_size=&#8221;19px&#8221; module_alignment=&#8221;center&#8221; custom_margin=&#8221;40px|||&#8221; custom_margin_tablet=&#8221;0px|||&#8221; custom_margin_phone=&#8221;|||&#8221; custom_margin_last_edited=&#8221;on|phone&#8221; hover_enabled=&#8221;0&#8243; header_font_size_tablet=&#8221;&#8221; header_font_size_phone=&#8221;38px&#8221; header_font_size_last_edited=&#8221;on|phone&#8221; header_2_font_size_tablet=&#8221;&#8221; header_2_font_size_phone=&#8221;33px&#8221; header_2_font_size_last_edited=&#8221;on|desktop&#8221; header_3_font_size_tablet=&#8221;&#8221; header_3_font_size_phone=&#8221;30px&#8221; header_3_font_size_last_edited=&#8221;on|phone&#8221; header_4_font_size_tablet=&#8221;&#8221; header_4_font_size_phone=&#8221;&#8221; header_4_font_size_last_edited=&#8221;on|desktop&#8221; header_5_font_size_tablet=&#8221;&#8221; header_5_font_size_phone=&#8221;22px&#8221; header_5_font_size_last_edited=&#8221;on|phone&#8221; header_6_font_size_tablet=&#8221;&#8221; header_6_font_size_phone=&#8221;18px&#8221; header_6_font_size_last_edited=&#8221;on|desktop&#8221; text_orientation_tablet=&#8221;&#8221; text_orientation_phone=&#8221;left&#8221; text_orientation_last_edited=&#8221;on|phone&#8221; global_colors_info=&#8221;{}&#8221; sticky_enabled=&#8221;0&#8243;]<\/p>\n<h2><strong>Povratne informacije i podaci za kontakt<\/strong><\/h2>\n<p class=\"p1\">Sve upite vezane uz pristupa\u010dnost mre\u017ene lokacije crobuzz.mingor.hr korisnici mogu uputiti na e-mail <a href=\"mailto:zavod@mingor.hr\"><span class=\"s1\">zavod@mingor.hr<\/span><\/a> ili na adresu Radni\u010dka cesta 80\/7, 10000 Zagreb, s naznakom \u2013 slu\u017ebenici za informiranje.<\/p>\n<p class=\"p1\">Molimo korisnike mre\u017ene lokacije crobuzz.mingor.hr ako primijete neuskla\u0111en sadr\u017eaj, koji nije obuhva\u0107en ovom izjavom, da nas o tome obavijeste na e-mail <a href=\"mailto:zavod@mingor.hr\"><span class=\"s1\">zavod@mingor.hr<\/span><\/a>, broj telefona: +385 (0)1 5502 900 ili na faks: +385 (0)1 5502 901.<\/p>\n<p class=\"p1\">Cro Buzz Klima je du\u017ean na upit, obavijest ili zahtjev korisnika vezano uz osiguravanje pristupa\u010dnosti odgovoriti u roku od 15 dana od dana primitka obavijesti, odnosno zahtjeva ili ga u istom roku, uz detaljno obrazlo\u017eenje razloga koji zahtijevaju odgodu, obavijestiti o naknadnom roku u kojem \u0107e odgovoriti na korisnikovu obavijest ili zahtjev.<\/p>\n<p>[\/et_pb_text][et_pb_text admin_label=&#8221;Tittle &#038; Paragraph&#8221; _builder_version=&#8221;4.11.3&#8243; text_font=&#8221;Nunito||||||||&#8221; link_font=&#8221;||||on||||&#8221; link_text_align=&#8221;left&#8221; link_text_color=&#8221;#383838&#8243; ol_text_align=&#8221;left&#8221; header_font=&#8221;|600|||||||&#8221; header_text_align=&#8221;left&#8221; header_font_size=&#8221;45px&#8221; header_2_text_align=&#8221;left&#8221; header_2_font_size=&#8221;37px&#8221; header_2_letter_spacing=&#8221;1px&#8221; header_3_text_color=&#8221;#383838&#8243; header_3_font_size=&#8221;25px&#8221; header_4_font_size=&#8221;26px&#8221; header_5_font_size=&#8221;23px&#8221; header_6_font_size=&#8221;19px&#8221; module_alignment=&#8221;center&#8221; custom_margin=&#8221;40px|||&#8221; custom_margin_tablet=&#8221;0px|||&#8221; custom_margin_phone=&#8221;|||&#8221; custom_margin_last_edited=&#8221;on|phone&#8221; hover_enabled=&#8221;0&#8243; header_font_size_tablet=&#8221;&#8221; header_font_size_phone=&#8221;38px&#8221; header_font_size_last_edited=&#8221;on|phone&#8221; header_2_font_size_tablet=&#8221;&#8221; header_2_font_size_phone=&#8221;33px&#8221; header_2_font_size_last_edited=&#8221;on|desktop&#8221; header_3_font_size_tablet=&#8221;&#8221; header_3_font_size_phone=&#8221;30px&#8221; header_3_font_size_last_edited=&#8221;on|phone&#8221; header_4_font_size_tablet=&#8221;&#8221; header_4_font_size_phone=&#8221;&#8221; header_4_font_size_last_edited=&#8221;on|desktop&#8221; header_5_font_size_tablet=&#8221;&#8221; header_5_font_size_phone=&#8221;22px&#8221; header_5_font_size_last_edited=&#8221;on|phone&#8221; header_6_font_size_tablet=&#8221;&#8221; header_6_font_size_phone=&#8221;18px&#8221; header_6_font_size_last_edited=&#8221;on|desktop&#8221; text_orientation_tablet=&#8221;&#8221; text_orientation_phone=&#8221;left&#8221; text_orientation_last_edited=&#8221;on|phone&#8221; global_colors_info=&#8221;{}&#8221; sticky_enabled=&#8221;0&#8243;]<\/p>\n<h2><strong> Postupak pra\u0107enja provedbe propisa<\/strong><\/h2>\n<p class=\"p1\">Povjerenik za informiranje Republike Hrvatske je tijelo nadle\u017eno za pra\u0107enje uskla\u0111enosti mre\u017enih stranica i programskih rje\u0161enja za pokretne ure\u0111aje tijela javnog sektora sa zahtjevima pristupa\u010dnosti kao i za nadzor nad provedbom Zakona.<\/p>\n<p class=\"p1\">U slu\u010daju nezadovoljavaju\u0107ih odgovora na obavijest ili zahtjev za povratne informacije o pristupa\u010dnosti mre\u017ene lokacije lifeailanthus.hr, korisnici se mogu obratiti Povjereniku za informiranje putem elektroni\u010dke po\u0161te: <a href=\"mailto:pristupacnost@pristupinfo.hr\"><span class=\"s1\">pristupacnost@pristupinfo.hr<\/span><\/a>.<\/p>\n<p>[\/et_pb_text][\/et_pb_column][\/et_pb_row][\/et_pb_section]<\/p>\n","protected":false},"excerpt":{"rendered":"<p>Digital accessibilityIZJAVA O PRISTUPA\u010cNOSTI Kao tijelo javnog sektora, provoditelj projekta Cro Buzz Klima nastoji svoju mre\u017enu stranicu u\u010diniti pristupa\u010dnom u skladu sa Zakonom o pristupa\u010dnosti mre\u017enih stranica i programskih rje\u0161enja za pokretne ure\u0111aje tijela javnog sektora Republike Hrvatske (\u201eNarodne novine\u201c, broj 17\/19; dalje u tekstu: Zakon) kojim se prenosi Direktiva (EU) 2016\/2102 Europskog parlamenta i [&hellip;]<\/p>\n","protected":false},"author":1,"featured_media":0,"parent":0,"menu_order":0,"comment_status":"closed","ping_status":"closed","template":"","meta":{"_et_pb_use_builder":"on","_et_pb_old_content":"","_et_gb_content_width":"","inline_featured_image":false,"footnotes":""},"yoast_head":"<!-- This site is optimized with the Yoast SEO plugin v22.6 - https:\/\/yoast.com\/wordpress\/plugins\/seo\/ -->\n<title>Digital accessibility - Cro Buzz Klima<\/title>\n<meta name=\"robots\" content=\"index, follow, max-snippet:-1, max-image-preview:large, max-video-preview:-1\" \/>\n<link rel=\"canonical\" href=\"https:\/\/crobuzz.mingor.hr\/en\/digitalna-pristupacnost\/\" \/>\n<meta property=\"og:locale\" content=\"en_US\" \/>\n<meta property=\"og:type\" content=\"article\" \/>\n<meta property=\"og:title\" content=\"Digital accessibility - Cro Buzz Klima\" \/>\n<meta property=\"og:description\" content=\"Digital accessibilityIZJAVA O PRISTUPA\u010cNOSTI Kao tijelo javnog sektora, provoditelj projekta Cro Buzz Klima nastoji svoju mre\u017enu stranicu u\u010diniti pristupa\u010dnom u skladu sa Zakonom o pristupa\u010dnosti mre\u017enih stranica i programskih rje\u0161enja za pokretne ure\u0111aje tijela javnog sektora Republike Hrvatske (\u201eNarodne novine\u201c, broj 17\/19; dalje u tekstu: Zakon) kojim se prenosi Direktiva (EU) 2016\/2102 Europskog parlamenta i [&hellip;]\" \/>\n<meta property=\"og:url\" content=\"https:\/\/crobuzz.mingor.hr\/en\/digitalna-pristupacnost\/\" \/>\n<meta property=\"og:site_name\" content=\"Cro Buzz Klima\" \/>\n<meta property=\"article:modified_time\" content=\"2021-10-25T11:05:19+00:00\" \/>\n<meta name=\"twitter:card\" content=\"summary_large_image\" \/>\n<meta name=\"twitter:label1\" content=\"Est. reading time\" \/>\n\t<meta name=\"twitter:data1\" content=\"10 minutes\" \/>\n<script type=\"application\/ld+json\" class=\"yoast-schema-graph\">{\"@context\":\"https:\/\/schema.org\",\"@graph\":[{\"@type\":\"WebPage\",\"@id\":\"https:\/\/crobuzz.mingor.hr\/en\/digitalna-pristupacnost\/\",\"url\":\"https:\/\/crobuzz.mingor.hr\/en\/digitalna-pristupacnost\/\",\"name\":\"Digital accessibility - Cro Buzz Klima\",\"isPartOf\":{\"@id\":\"https:\/\/crobuzz.mingor.hr\/#website\"},\"datePublished\":\"2021-10-18T10:56:30+00:00\",\"dateModified\":\"2021-10-25T11:05:19+00:00\",\"breadcrumb\":{\"@id\":\"https:\/\/crobuzz.mingor.hr\/en\/digitalna-pristupacnost\/#breadcrumb\"},\"inLanguage\":\"en-US\",\"potentialAction\":[{\"@type\":\"ReadAction\",\"target\":[\"https:\/\/crobuzz.mingor.hr\/en\/digitalna-pristupacnost\/\"]}]},{\"@type\":\"BreadcrumbList\",\"@id\":\"https:\/\/crobuzz.mingor.hr\/en\/digitalna-pristupacnost\/#breadcrumb\",\"itemListElement\":[{\"@type\":\"ListItem\",\"position\":1,\"name\":\"Po\u010detna stranica\",\"item\":\"https:\/\/crobuzz.mingor.hr\/en\/\"},{\"@type\":\"ListItem\",\"position\":2,\"name\":\"Digital accessibility\"}]},{\"@type\":\"WebSite\",\"@id\":\"https:\/\/crobuzz.mingor.hr\/#website\",\"url\":\"https:\/\/crobuzz.mingor.hr\/\",\"name\":\"Cro Buzz Klima\",\"description\":\"Divlji opra\u0161iva\u010di i prilagodba klimi\",\"potentialAction\":[{\"@type\":\"SearchAction\",\"target\":{\"@type\":\"EntryPoint\",\"urlTemplate\":\"https:\/\/crobuzz.mingor.hr\/?s={search_term_string}\"},\"query-input\":\"required name=search_term_string\"}],\"inLanguage\":\"en-US\"}]}<\/script>\n<!-- \/ Yoast SEO plugin. -->","yoast_head_json":{"title":"Digital accessibility - Cro Buzz Klima","robots":{"index":"index","follow":"follow","max-snippet":"max-snippet:-1","max-image-preview":"max-image-preview:large","max-video-preview":"max-video-preview:-1"},"canonical":"https:\/\/crobuzz.mingor.hr\/en\/digitalna-pristupacnost\/","og_locale":"en_US","og_type":"article","og_title":"Digital accessibility - Cro Buzz Klima","og_description":"Digital accessibilityIZJAVA O PRISTUPA\u010cNOSTI Kao tijelo javnog sektora, provoditelj projekta Cro Buzz Klima nastoji svoju mre\u017enu stranicu u\u010diniti pristupa\u010dnom u skladu sa Zakonom o pristupa\u010dnosti mre\u017enih stranica i programskih rje\u0161enja za pokretne ure\u0111aje tijela javnog sektora Republike Hrvatske (\u201eNarodne novine\u201c, broj 17\/19; dalje u tekstu: Zakon) kojim se prenosi Direktiva (EU) 2016\/2102 Europskog parlamenta i [&hellip;]","og_url":"https:\/\/crobuzz.mingor.hr\/en\/digitalna-pristupacnost\/","og_site_name":"Cro Buzz Klima","article_modified_time":"2021-10-25T11:05:19+00:00","twitter_card":"summary_large_image","twitter_misc":{"Est. reading time":"10 minutes"},"schema":{"@context":"https:\/\/schema.org","@graph":[{"@type":"WebPage","@id":"https:\/\/crobuzz.mingor.hr\/en\/digitalna-pristupacnost\/","url":"https:\/\/crobuzz.mingor.hr\/en\/digitalna-pristupacnost\/","name":"Digital accessibility - Cro Buzz Klima","isPartOf":{"@id":"https:\/\/crobuzz.mingor.hr\/#website"},"datePublished":"2021-10-18T10:56:30+00:00","dateModified":"2021-10-25T11:05:19+00:00","breadcrumb":{"@id":"https:\/\/crobuzz.mingor.hr\/en\/digitalna-pristupacnost\/#breadcrumb"},"inLanguage":"en-US","potentialAction":[{"@type":"ReadAction","target":["https:\/\/crobuzz.mingor.hr\/en\/digitalna-pristupacnost\/"]}]},{"@type":"BreadcrumbList","@id":"https:\/\/crobuzz.mingor.hr\/en\/digitalna-pristupacnost\/#breadcrumb","itemListElement":[{"@type":"ListItem","position":1,"name":"Po\u010detna stranica","item":"https:\/\/crobuzz.mingor.hr\/en\/"},{"@type":"ListItem","position":2,"name":"Digital accessibility"}]},{"@type":"WebSite","@id":"https:\/\/crobuzz.mingor.hr\/#website","url":"https:\/\/crobuzz.mingor.hr\/","name":"Cro Buzz Klima","description":"Divlji opra\u0161iva\u010di i prilagodba klimi","potentialAction":[{"@type":"SearchAction","target":{"@type":"EntryPoint","urlTemplate":"https:\/\/crobuzz.mingor.hr\/?s={search_term_string}"},"query-input":"required name=search_term_string"}],"inLanguage":"en-US"}]}},"_links":{"self":[{"href":"https:\/\/crobuzz.mingor.hr\/en\/wp-json\/wp\/v2\/pages\/1128"}],"collection":[{"href":"https:\/\/crobuzz.mingor.hr\/en\/wp-json\/wp\/v2\/pages"}],"about":[{"href":"https:\/\/crobuzz.mingor.hr\/en\/wp-json\/wp\/v2\/types\/page"}],"author":[{"embeddable":true,"href":"https:\/\/crobuzz.mingor.hr\/en\/wp-json\/wp\/v2\/users\/1"}],"replies":[{"embeddable":true,"href":"https:\/\/crobuzz.mingor.hr\/en\/wp-json\/wp\/v2\/comments?post=1128"}],"version-history":[{"count":7,"href":"https:\/\/crobuzz.mingor.hr\/en\/wp-json\/wp\/v2\/pages\/1128\/revisions"}],"predecessor-version":[{"id":1580,"href":"https:\/\/crobuzz.mingor.hr\/en\/wp-json\/wp\/v2\/pages\/1128\/revisions\/1580"}],"wp:attachment":[{"href":"https:\/\/crobuzz.mingor.hr\/en\/wp-json\/wp\/v2\/media?parent=1128"}],"curies":[{"name":"wp","href":"https:\/\/api.w.org\/{rel}","templated":true}]}}